{"id":159,"date":"2020-10-01T11:36:30","date_gmt":"2020-10-01T11:36:30","guid":{"rendered":"https:\/\/biuroczyzak.pl\/?page_id=159"},"modified":"2020-10-01T12:35:03","modified_gmt":"2020-10-01T12:35:03","slug":"elementor-159","status":"publish","type":"page","link":"https:\/\/biuroczyzak.pl\/index.php\/elementor-159\/","title":{"rendered":"RODO"},"content":{"rendered":"\t\t<div data-elementor-type=\"wp-page\" data-elementor-id=\"159\" class=\"elementor elementor-159\">\n\t\t\t\t\t\t<section class=\"elementor-section elementor-top-section elementor-element elementor-element-47ce41a9 elementor-section-boxed elementor-section-height-default elementor-section-height-default\" data-id=\"47ce41a9\" data-element_type=\"section\" data-e-type=\"section\">\n\t\t\t\t\t\t<div class=\"elementor-container elementor-column-gap-default\">\n\t\t\t\t\t<div class=\"elementor-column elementor-col-100 elementor-top-column elementor-element elementor-element-65321d77\" data-id=\"65321d77\" data-element_type=\"column\" data-e-type=\"column\">\n\t\t\t<div class=\"elementor-widget-wrap elementor-element-populated\">\n\t\t\t\t\t\t<div class=\"elementor-element elementor-element-38cb22a0 elementor-widget elementor-widget-text-editor\" data-id=\"38cb22a0\" data-element_type=\"widget\" data-e-type=\"widget\" data-widget_type=\"text-editor.default\">\n\t\t\t\t<div class=\"elementor-widget-container\">\n\t\t\t\t\t\t\t\t\t\n<div class=\"wp-block-themeisle-blocks-advanced-columns has-undefined-columns has-desktop-undefined-layout has-tablet-equal-layout has-mobile-equal-layout has-default-gap has-vertical-unset\" id=\"wp-block-themeisle-blocks-advanced-columns-0df71452\">\n<div class=\"wp-block-themeisle-blocks-advanced-columns-overlay\"><strong>POLITYKA OCHRONY DANYCH OSOBOWYCH<\/strong><\/div>\n<div class=\"innerblocks-wrap\"><\/div>\n<\/div>\n\t\t\t\t\t\t\t\t<\/div>\n\t\t\t\t<\/div>\n\t\t\t\t\t<\/div>\n\t\t<\/div>\n\t\t\t\t\t<\/div>\n\t\t<\/section>\n\t\t\t\t<section class=\"elementor-section elementor-top-section elementor-element elementor-element-2a10011 elementor-section-boxed elementor-section-height-default elementor-section-height-default\" data-id=\"2a10011\" data-element_type=\"section\" data-e-type=\"section\">\n\t\t\t\t\t\t<div class=\"elementor-container elementor-column-gap-default\">\n\t\t\t\t\t<div class=\"elementor-column elementor-col-100 elementor-top-column elementor-element elementor-element-89fff0f\" data-id=\"89fff0f\" data-element_type=\"column\" data-e-type=\"column\">\n\t\t\t<div class=\"elementor-widget-wrap elementor-element-populated\">\n\t\t\t\t\t\t<div class=\"elementor-element elementor-element-ea55fbe elementor-widget elementor-widget-text-editor\" data-id=\"ea55fbe\" data-element_type=\"widget\" data-e-type=\"widget\" data-widget_type=\"text-editor.default\">\n\t\t\t\t<div class=\"elementor-widget-container\">\n\t\t\t\t\t\t\t\t\t<div id=\"main-wrapper\" dir=\"ltr\">\n<div id=\"wrapper\" dir=\"ltr\">\n<div id=\"primary\" dir=\"ltr\">\n<ol>\n<li>\n<p><strong>DEFINICJE<\/strong><\/p>\n<\/li>\n<\/ol>\n<ul>\n<li>\n<p>Administrator \u2013 Sylwia Czy\u017cak 98-220 Zdu\u0144ska Wola Getta \u017cydowskiego 23\/6, REGON: 380315048, NIP: 8291053688, tel.501-731-032, e-mail: sylwia@soft-help.pl<\/p>\n<\/li>\n<li>\n<p>U\u017cytkownik \u2013 ka\u017cdy podmiot, kt\u00f3ry\u00a0korzysta z\u00a0Serwisu, z\u00a0us\u0142ug \u015bwiadczonych przez\u00a0Administratora lub otrzymuje wiadomo\u015b\u0107 e-mailow\u0105 z\u00a0domeny sylwia@soft-help.pl<\/p>\n<\/li>\n<li>\n<p>Serwis \u2013 strona internetowa dost\u0119pna pod\u00a0adresem www.biuroczyzak.pl<\/p>\n<\/li>\n<li>\n<p>RODO \u2013 Rozporz\u0105dzenie Parlamentu Europejskiego i\u00a0Rady (UE) 2016\/679\u00a0z\u00a0dnia 27\u00a0kwietnia 2016\u00a0r. w\u00a0sprawie ochrony os\u00f3b fizycznych w\u00a0zwi\u0105zku z\u00a0przetwarzaniem danych osobowych i\u00a0w\u00a0sprawie swobodnego przep\u0142ywu takich danych oraz\u00a0uchylenia dyrektywy 95\/46\/WE<\/p>\n<\/li>\n<li>\n<p>Dane osobowe \u2013 informacje o\u00a0zidentyfikowanej lub mo\u017cliwej do\u00a0zidentyfikowania osobie fizycznej (\u201eosobie, kt\u00f3rej\u00a0dane dotycz\u0105\u201d); mo\u017cliwa do\u00a0zidentyfikowania osoba fizyczna to\u00a0osoba, kt\u00f3r\u0105 mo\u017cna bezpo\u015brednio lub po\u015brednio zidentyfikowa\u0107, w\u00a0szczeg\u00f3lno\u015bci na\u00a0podstawie identyfikatora takiego jak imi\u0119 i\u00a0nazwisko, numer identyfikacyjny, dane o\u00a0lokalizacji, identyfikator internetowy lub jeden b\u0105d\u017a kilka szczeg\u00f3lnych czynnik\u00f3w okre\u015blaj\u0105cych fizyczn\u0105, fizjologiczn\u0105, genetyczn\u0105, psychiczn\u0105, ekonomiczn\u0105, kulturow\u0105 lub spo\u0142eczn\u0105 to\u017csamo\u015b\u0107 osoby fizycznej.<\/p>\n<\/li>\n<\/ul>\n<ol start=\"2\">\n<li>\n<p><strong>INFORMACJE OG\u00d3LNE<\/strong><\/p>\n<\/li>\n<\/ol>\n<ul>\n<li>\n<p>Administratorem danych osobowych U\u017cytkownika jest Sylwia Czy\u017cak Biuro Rachunkowe, .\u00a0ul.\u00a0Getta \u017bydowskiego 23\/6\u00a094-104 \u0141\u00f3d\u017a, REGON: 380315048, NIP: 8291053688, tel.\u00a0501-731-032, e-mail: sylwia@soft-help.pl<\/p>\n<\/li>\n<li>\n<p>W\u00a0sprawach zwi\u0105zanych z\u00a0danymi U\u017cytkownika nale\u017cy kontaktowa\u0107 si\u0119 z\u00a0Administratorem.<\/p>\n<\/li>\n<\/ul>\n<ol start=\"3\">\n<li>\n<p><strong>CELE ORAZ\u00a0PODSTAWY PRAWNE PRZETWARZANIA DANYCH OSOBOWYCH<\/strong><\/p>\n<\/li>\n<\/ol>\n<ul>\n<li>\n<p>Dane b\u0119d\u0105 przetwarzane przez\u00a0Administratora w\u00a0celu wykonania zawartej z\u00a0U\u017cytkownikiem umowy \u2013 podstaw\u0105 prawn\u0105 przetwarzania jest wykonanie umowy (art. 6\u00a0ust. 1lit. b) RODO).<\/p>\n<\/li>\n<li>\n<p>Dane b\u0119d\u0105 r\u00f3wnie\u017c przetwarzane przez\u00a0Administratora w\u00a0celu ewentualnego ustalenia i\u00a0dochodzenia roszcze\u0144 lub obrony przed\u00a0nimi \u2013 podstaw\u0105 prawn\u0105 przetwarzania jest uzasadniony interes Administratora (art. 6\u00a0ust. 1\u00a0lit. f) RODO) polegaj\u0105cy na\u00a0ochronie jego praw.<\/p>\n<\/li>\n<li>\n<p>Dane przetwarzane s\u0105 (w\u00a0spos\u00f3b zbiorczy) do\u00a0cel\u00f3w statystycznych.<\/p>\n<\/li>\n<li>\n<p>Dane mog\u0105 by\u0107 przetwarzane r\u00f3wnie\u017c w\u00a0celu kontaktu zwrotnego ze\u00a0strony Biura po\u00a0kontakcie ze\u00a0strony U\u017cytkownika za\u00a0pomoc\u0105 formularza kontaktowego (w\u00a0celu stworzenia umowy lub w\u00a0innych celach, wy\u0142\u0105cznie uzasadnionych interesem U\u017cytkownika).<\/p>\n<\/li>\n<li>\n<p>Dane mog\u0105 by\u0107 przetwarzane r\u00f3wnie\u017c w\u00a0celach rekrutacyjnych, marketingowych \u2013 podstaw\u0105 prawn\u0105 przetwarzania jest w\u00f3wczas zgoda U\u017cytkownika (art. 6\u00a0ust. 1\u00a0lit. a) RODO).<\/p>\n<\/li>\n<li>\n<p>Biuro Rachunkowe Sylwia Czy\u017cak nie\u00a0zbiera w\u00a0spos\u00f3b celowy \u201ewra\u017cliwych\u201d danych osobowych, z\u00a0wyj\u0105tkiem sytuacji, gdy\u00a0obowi\u0105zek taki wynika z\u00a0obowi\u0105zuj\u0105cych przepis\u00f3w prawa, na\u00a0przyk\u0142ad w\u00a0celu rekrutacji. Dane wra\u017cliwe s\u0105 to\u00a0dane osobowe ujawniaj\u0105ce pochodzenie rasowe lub etniczne, pogl\u0105dy polityczne, przekonania religijne lub \u015bwiatopogl\u0105dowe, przynale\u017cno\u015b\u0107 do\u00a0zwi\u0105zk\u00f3w zawodowych oraz\u00a0przetwarzania danych genetycznych, danych biometrycznych w\u00a0celu jednoznacznego zidentyfikowania osoby fizycznej lub danych dotycz\u0105cych zdrowia, seksualno\u015bci lub orientacji seksualnej tej\u00a0osoby.<\/p>\n<\/li>\n<\/ul>\n<ol start=\"4\">\n<li>\n<p><strong>ODBIORCY DANYCH<\/strong><\/p>\n<\/li>\n<\/ol>\n<ul>\n<li>\n<p><em>\u00a0<\/em>Biuro Rachunkowe Sylwia Czy\u017cak nie\u00a0ujawnia danych osobowych innym podmiotom, z\u00a0wyj\u0105tkiem przypadk\u00f3w, gdy\u00a0jest to\u00a0konieczne w\u00a0zwi\u0105zku z\u00a0prowadzon\u0105 przez\u00a0nas dzia\u0142alno\u015bci\u0105, jak r\u00f3wnie\u017c w\u00a0sytuacjach wymaganych przez\u00a0przepisy prawa oraz\u00a0w\u00a0celu realizacji zg\u0142osze\u0144 U\u017cytkownik\u00f3w. Dane mog\u0105 by\u0107 w\u00a0zwi\u0105zku z\u00a0powy\u017cszym udost\u0119pniane m. in. nast\u0119puj\u0105cym kategoriom odbiorc\u00f3w:<\/p>\n<\/li>\n<\/ul>\n<ul>\n<li>\n<p>Zak\u0142adowi Ubezpiecze\u0144 Spo\u0142ecznych,<\/p>\n<\/li>\n<li>\n<p>urz\u0119dom skarbowym,<\/p>\n<\/li>\n<li>\n<p>innym organom administracji publicznej zgodnie z\u00a0przepisami prawa,<\/p>\n<\/li>\n<li>\n<p>partnerom (technicznym, informatycznym, statystycznym) Administratora, z\u00a0kt\u00f3rymi zawarto stosowne umowy o\u00a0powierzeniu danych osobowych \u2013 wy\u0142\u0105cznie w\u00a0celach uzasadnionych interesem Administratora.<\/p>\n<\/li>\n<\/ul>\n<ol start=\"5\">\n<li>\n<p><strong>OKRES PRZECHOWYWANIA DANYCH <\/strong><\/p>\n<\/li>\n<\/ol>\n<ul>\n<li>\n<p>Dane udost\u0119pnione na\u00a0podstawie zgody U\u017cytkownika przechowywane b\u0119d\u0105 do\u00a0czasu cofni\u0119cia zgody.<\/p>\n<\/li>\n<li>\n<p>Dane przekazane Administratorowi w\u00a0celu wykonania umowy, o\u00a0kt\u00f3rej\u00a0mowa w\u00a0pkt 3.1. b\u0119d\u0105 przechowywane przez\u00a0okres jej obowi\u0105zywania oraz\u00a0mog\u0105 by\u0107 przechowywane przez\u00a0okres do\u00a0up\u0142ywu terminu przedawnienia zobowi\u0105za\u0144 podatkowych U\u017cytkownika, jak r\u00f3wnie\u017c do\u00a0up\u0142ywu terminu przedawnienia roszcze\u0144 Administratora i\u00a0U\u017cytkownika.<\/p>\n<\/li>\n<\/ul>\n<ol start=\"6\">\n<li>\n<p><strong>UPRAWNIENIA U\u017bYTKOWNIKA<\/strong><\/p>\n<\/li>\n<\/ol>\n<ul>\n<li>\n<p>U\u017cytkownik ma prawo dost\u0119pu do\u00a0swoich danych osobowych, ich sprostowania, usuni\u0119cia lub ograniczenia przetwarzania.<\/p>\n<\/li>\n<li>\n<p>U\u017cytkownik ma prawo do\u00a0wniesienia sprzeciwu wobec dalszego przetwarzania.<\/p>\n<\/li>\n<li>\n<p>U\u017cytkownik ma prawo do\u00a0przenoszenia danych.<\/p>\n<\/li>\n<li>\n<p>U\u017cytkownikowi przys\u0142uguje prawo wniesienia skargi do\u00a0organu nadzorczego, tj.\u00a0do\u00a0Prezesa Urz\u0119du Ochrony Danych Osobowych.<\/p>\n<\/li>\n<li>\n<p>Podanie danych jest dobrowolne, jednak\u017ce jest to\u00a0niezb\u0119dne do\u00a0prawid\u0142owej realizacji umowy okre\u015blonej w\u00a0pkt 3.1. Niepodanie danych uniemo\u017cliwi prawid\u0142ow\u0105 realizacj\u0119 ww. umowy.<\/p>\n<\/li>\n<li>\n<p>W\u00a0przypadku, gdy\u00a0podanie danych osobowych wynika z\u00a0wyra\u017conej przez\u00a0U\u017cytkownika zgody, niepodanie danych uniemo\u017cliwi Administratorowi podj\u0119cia czynno\u015bci, na\u00a0kt\u00f3r\u0105 wyra\u017cana jest zgoda.<\/p>\n<\/li>\n<li>\n<p>U\u017cytkownik ma prawo wycofania zgody w\u00a0dowolnym momencie. Wycofanie zgody jest r\u00f3wnie \u0142atwe jak jej wyra\u017cenie i\u00a0nast\u0105pi\u0107 mo\u017ce poprzez z\u0142o\u017cenie stosownego o\u015bwiadczenia osobi\u015bcie w\u00a0biurze Administratora, b\u0105d\u017a te\u017c poprzez przes\u0142anie wiadomo\u015bci e-mail na\u00a0adres Administratora.<\/p>\n<\/li>\n<li>\n<p>Wycofanie zgody nie\u00a0wp\u0142ywa na\u00a0zgodno\u015b\u0107 z\u00a0prawem przetwarzania, kt\u00f3rego\u00a0dokonano na\u00a0podstawie zgody przed\u00a0jej wycofaniem.<\/p>\n<\/li>\n<\/ul>\n<p>Podejmujemy wszelkie starania aby zapewni\u0107 ochron\u0119 danych osobowych U\u017cytkownik\u00f3w. W\u00a0przypadku jakichkolwiek pyta\u0144 z\u00a0Pa\u0144stwa strony dotycz\u0105cych sposobu administrowania danymi osobowymi U\u017cytkownik\u00f3w prosimy o\u00a0kontakt pod\u00a0adresem e-mail: sylwia@soft-help.pl<\/p>\n<\/div>\n<\/div>\n<\/div>\t\t\t\t\t\t\t\t<\/div>\n\t\t\t\t<\/div>\n\t\t\t\t\t<\/div>\n\t\t<\/div>\n\t\t\t\t\t<\/div>\n\t\t<\/section>\n\t\t\t\t<\/div>\n\t\t","protected":false},"excerpt":{"rendered":"<p>DEFINICJE Administrator \u2013 Sylwia Czy\u017cak 98-220 Zdu\u0144ska Wola Getta \u017cydowskiego 23\/6, REGON: 380315048, NIP: 8291053688, tel.501-731-032, e-mail: sylwia@soft-help.pl U\u017cytkownik \u2013 ka\u017cdy podmiot, kt\u00f3ry&nbsp;korzysta z&nbsp;Serwisu, z&nbsp;us\u0142ug \u015bwiadczonych przez&nbsp;Administratora lub otrzymuje wiadomo\u015b\u0107 e-mailow\u0105 z&nbsp;domeny sylwia@soft-help.pl Serwis \u2013 strona internetowa dost\u0119pna pod&nbsp;adresem www.biuroczyzak.pl RODO \u2013 Rozporz\u0105dzenie Parlamentu Europejskiego i&nbsp;Rady (UE) 2016\/679&nbsp;z&nbsp;dnia 27&nbsp;kwietnia 2016&nbsp;r. [&hellip;]<\/p>\n","protected":false},"author":1,"featured_media":0,"parent":0,"menu_order":0,"comment_status":"closed","ping_status":"closed","template":"","meta":{"footnotes":""},"class_list":["post-159","page","type-page","status-publish","hentry"],"_links":{"self":[{"href":"https:\/\/biuroczyzak.pl\/index.php\/wp-json\/wp\/v2\/pages\/159","targetHints":{"allow":["GET"]}}],"collection":[{"href":"https:\/\/biuroczyzak.pl\/index.php\/wp-json\/wp\/v2\/pages"}],"about":[{"href":"https:\/\/biuroczyzak.pl\/index.php\/wp-json\/wp\/v2\/types\/page"}],"author":[{"embeddable":true,"href":"https:\/\/biuroczyzak.pl\/index.php\/wp-json\/wp\/v2\/users\/1"}],"replies":[{"embeddable":true,"href":"https:\/\/biuroczyzak.pl\/index.php\/wp-json\/wp\/v2\/comments?post=159"}],"version-history":[{"count":5,"href":"https:\/\/biuroczyzak.pl\/index.php\/wp-json\/wp\/v2\/pages\/159\/revisions"}],"predecessor-version":[{"id":165,"href":"https:\/\/biuroczyzak.pl\/index.php\/wp-json\/wp\/v2\/pages\/159\/revisions\/165"}],"wp:attachment":[{"href":"https:\/\/biuroczyzak.pl\/index.php\/wp-json\/wp\/v2\/media?parent=159"}],"curies":[{"name":"wp","href":"https:\/\/api.w.org\/{rel}","templated":true}]}}